{"id":1690,"date":"2026-03-31T18:09:09","date_gmt":"2026-03-31T18:09:09","guid":{"rendered":"https:\/\/www.klastowtrucks.com\/?page_id=1690"},"modified":"2026-03-31T18:12:32","modified_gmt":"2026-03-31T18:12:32","slug":"ochrana-osobnych-udajov","status":"publish","type":"page","link":"https:\/\/www.klastowtrucks.com\/sk\/ochrana-osobnych-udajov\/","title":{"rendered":"Ochrana osobn\u00fdch \u00fadajov"},"content":{"rendered":"<div data-elementor-type=\"wp-page\" data-elementor-id=\"1690\" class=\"elementor elementor-1690\" data-elementor-post-type=\"page\">\n\t\t\t\t\t\t<section class=\"elementor-section elementor-top-section elementor-element elementor-element-756be5ad elementor-section-height-min-height elementor-section-boxed elementor-section-height-default elementor-section-items-middle\" data-id=\"756be5ad\" data-element_type=\"section\" data-settings=\"{&quot;background_background&quot;:&quot;classic&quot;}\">\n\t\t\t\t\t\t<div class=\"elementor-container elementor-column-gap-default\">\n\t\t\t\t\t<div class=\"elementor-column elementor-col-100 elementor-top-column elementor-element elementor-element-7ddaca43\" data-id=\"7ddaca43\" data-element_type=\"column\">\n\t\t\t<div class=\"elementor-widget-wrap elementor-element-populated\">\n\t\t\t\t\t\t<div class=\"elementor-element elementor-element-1ba7c2cf elementor-widget elementor-widget-heading\" data-id=\"1ba7c2cf\" data-element_type=\"widget\" data-widget_type=\"heading.default\">\n\t\t\t\t<div class=\"elementor-widget-container\">\n\t\t\t\t\t<h2 class=\"elementor-heading-title elementor-size-default\">Privacy Policy<\/h2>\t\t\t\t<\/div>\n\t\t\t\t<\/div>\n\t\t\t\t\t<\/div>\n\t\t<\/div>\n\t\t\t\t\t<\/div>\n\t\t<\/section>\n\t\t\t\t<section class=\"elementor-section elementor-top-section elementor-element elementor-element-4484166 elementor-section-boxed elementor-section-height-default elementor-section-height-default\" data-id=\"4484166\" data-element_type=\"section\">\n\t\t\t\t\t\t<div class=\"elementor-container elementor-column-gap-default\">\n\t\t\t\t\t<div class=\"elementor-column elementor-col-100 elementor-top-column elementor-element elementor-element-71759e3\" data-id=\"71759e3\" data-element_type=\"column\">\n\t\t\t<div class=\"elementor-widget-wrap elementor-element-populated\">\n\t\t\t\t\t\t<div class=\"elementor-element elementor-element-eeaf26e privacyy elementor-widget elementor-widget-text-editor\" data-id=\"eeaf26e\" data-element_type=\"widget\" data-widget_type=\"text-editor.default\">\n\t\t\t\t<div class=\"elementor-widget-container\">\n\t\t\t\t\t\t\t\t\t<h1>\u00a0<\/h1><h2>1. Prev\u00e1dzkovate\u013e a v\u0161eobecn\u00e9 inform\u00e1cie<\/h2><p>This Privacy Policy (hereinafter referred to as the &#8220;Policy&#8221;) contains information about the processing of your personal data by the entrepreneur Peter Klas s.r.o., with its registered office at Pri Kalv\u00e1rii 17, 917 01 Trnava, Slovakia, I\u010cO: 36 279 021 (hereinafter referred to as the &#8220;Controller&#8221; or as &#8220;we&#8221; in the corresponding grammatical form), which occurs on the Controller&#8217;s website (hereinafter referred to as the &#8220;website&#8221;).<\/p><p>Inform\u00e1cie o spracovan\u00ed osobn\u00fdch \u00fadajov, ku ktor\u00e9mu doch\u00e1dza mimo webovej str\u00e1nky alebo profilov prev\u00e1dzkovate\u013ea na soci\u00e1lnych sie\u0165ach, s\u00fa prev\u00e1dzkovate\u013eom zdokumentovan\u00e9 v pr\u00edslu\u0161n\u00fdch intern\u00fdch predpisoch a v pr\u00edpade potreby v\u00e1m bud\u00fa poskytnut\u00e9.<\/p><p>Prostredn\u00edctvom t\u00fdchto Z\u00e1sad v\u00e1m Prev\u00e1dzkovate\u013e poskytuje inform\u00e1cie o tom, pre\u010do sa va\u0161e osobn\u00e9 \u00fadaje sprac\u00favaj\u00fa, ako sa sprac\u00favaj\u00fa, ako dlho ich Prev\u00e1dzkovate\u013e uchov\u00e1va, ak\u00e9 s\u00fa va\u0161e pr\u00e1va v s\u00favislosti so sprac\u00favan\u00edm va\u0161ich osobn\u00fdch \u00fadajov a \u010fal\u0161ie relevantn\u00e9 inform\u00e1cie o sprac\u00favan\u00ed va\u0161ich osobn\u00fdch \u00fadajov. Prostredn\u00edctvom t\u00fdchto Z\u00e1sad Prev\u00e1dzkovate\u013e pln\u00ed informa\u010dn\u00fa povinnos\u0165 vo\u010di v\u0161etk\u00fdm dotknut\u00fdm osob\u00e1m, a to ako v pr\u00edpade, ke\u010f Prev\u00e1dzkovate\u013e z\u00edskal osobn\u00e9 \u00fadaje priamo od v\u00e1s ako dotknutej osoby, tak aj v pr\u00edpade, ke\u010f boli osobn\u00e9 \u00fadaje z\u00edskan\u00e9 z in\u00e9ho zdroja.<\/p><p>Prev\u00e1dzkovate\u013e sprac\u00fava va\u0161e osobn\u00e9 \u00fadaje v s\u00falade s Nariaden\u00edm Eur\u00f3pskeho parlamentu a Rady (E\u00da) 2016\/679 o ochrane fyzick\u00fdch os\u00f4b pri sprac\u00favan\u00ed osobn\u00fdch \u00fadajov a o vo\u013enom pohybe tak\u00fdchto \u00fadajov, ktor\u00fdm sa zru\u0161uje smernica 95\/46\/ES (v\u0161eobecn\u00e9 nariadenie o ochrane \u00fadajov) (\u010falej len \u201eNariadenie\u201c), pr\u00edslu\u0161n\u00fdmi slovensk\u00fdmi pr\u00e1vnymi predpismi, najm\u00e4 z\u00e1konom \u010d. 18\/2018 Z.z. o ochrane osobn\u00fdch \u00fadajov a o zmene a doplnen\u00ed niektor\u00fdch z\u00e1konov (\u010falej len \u201eZ\u00e1kon\u201c) a \u010fal\u0161\u00edmi predpismi o ochrane osobn\u00fdch \u00fadajov.<\/p><p>V z\u00e1le\u017eitostiach sprac\u00favania a ochrany osobn\u00fdch \u00fadajov m\u00f4\u017eete kontaktova\u0165 prev\u00e1dzkovate\u013ea na adrese Peter Klas s.r.o., Pri Kalv\u00e1rii 17, 917 01 Trnava, Slovensko, alebo e-mailom na e-mailovej adrese klas@nextra.sk. Prev\u00e1dzkovate\u013e nevymenoval zodpovedn\u00fa osobu v oblasti sprac\u00favania a ochrany osobn\u00fdch \u00fadajov.<\/p><h2>2. \u00da\u010dely, pr\u00e1vne z\u00e1klady, kateg\u00f3rie sprac\u00favan\u00fdch osobn\u00fdch \u00fadajov a doba uchov\u00e1vania<\/h2><p>Prev\u00e1dzkovate\u013e sprac\u00fava va\u0161e osobn\u00e9 \u00fadaje len na od\u00f4vodnen\u00e9 \u00fa\u010dely, po obmedzen\u00fa dobu a s pou\u017eit\u00edm maxim\u00e1lnej mo\u017enej \u00farovne zabezpe\u010denia. Prev\u00e1dzkovate\u013e sprac\u00fava osobn\u00e9 \u00fadaje len vtedy, ak na ich sprac\u00favanie existuje z\u00e1konn\u00fd z\u00e1klad (v s\u00falade so z\u00e1sadou z\u00e1konnosti). Prev\u00e1dzkovate\u013e sprac\u00fava osobn\u00e9 \u00fadaje v\u017edy len v rozsahu nevyhnutnom na splnenie stanoven\u00e9ho \u00fa\u010delu sprac\u00favania. To znamen\u00e1, \u017ee od v\u00e1s nevy\u017eaduje osobn\u00e9 \u00fadaje, ktor\u00e9 nie s\u00fa nevyhnutn\u00e9 na konkr\u00e9tny \u00fa\u010del sprac\u00favania. Prev\u00e1dzkovate\u013e sprac\u00fava va\u0161e osobn\u00e9 \u00fadaje v rozsahu be\u017en\u00fdch osobn\u00fdch \u00fadajov.<\/p><p>Prev\u00e1dzkovate\u013e uchov\u00e1va osobn\u00e9 \u00fadaje v\u017edy v s\u00falade so z\u00e1sadou minimaliz\u00e1cie v\u00fdlu\u010dne po dobu, po\u010das ktorej je nevyhnutn\u00e9 osobn\u00e9 \u00fadaje uchov\u00e1va\u0165. Po uplynut\u00ed tejto doby prev\u00e1dzkovate\u013e osobn\u00e9 \u00fadaje vyma\u017ee, pokia\u013e pr\u00e1vne predpisy nestanovuj\u00fa inak.<\/p><h3>Spracovanie \u00fa\u010dtovn\u00fdch dokladov<\/h3><p>\u00da\u010del: Plnenie z\u00e1konn\u00fdch povinnost\u00ed pod\u013ea \u010dl. 6 ods. 1 p\u00edsm. c) Nariadenia. Kateg\u00f3rie: Be\u017en\u00e9 osobn\u00e9 \u00fadaje potrebn\u00e9 na splnenie z\u00e1konn\u00fdch povinnost\u00ed (meno, priezvisko, adresa bydliska\/s\u00eddla firmy, faktura\u010dn\u00e1 adresa, kontaktn\u00e9 \u00fadaje \u2013 tel. \u010d., e-mailov\u00e1 adresa, bankov\u00e9 \u00fadaje). Uchov\u00e1vanie: 10 rokov po roku, na ktor\u00fd sa vz\u0165ahuj\u00fa.<\/p><h3>Vedenie z\u00e1znamov o z\u00e1kazn\u00edkoch a kontaktn\u00fdch osob\u00e1ch z\u00e1kazn\u00edkov (pr\u00e1vnick\u00fdch os\u00f4b)<\/h3><p>\u00da\u010del: Opr\u00e1vnen\u00fd z\u00e1ujem prev\u00e1dzkovate\u013ea pod\u013ea \u010dl. 6 ods. 1 p\u00edsm. f) Nariadenia, spo\u010d\u00edvaj\u00faci v nevyhnutnosti z\u00e1znamov o z\u00e1kazn\u00edkoch pre intern\u00fa kontrolu, \u00fa\u010dtovn\u00edctvo a vym\u00e1hanie pr\u00e1vnych n\u00e1rokov. Kateg\u00f3rie: Be\u017en\u00e9 osobn\u00e9 \u00fadaje (meno, priezvisko, adresa, pr\u00edslu\u0161nos\u0165\/funkcia v spolo\u010dnosti, kontaktn\u00e9 \u00fadaje). Uchov\u00e1vanie: Po\u010das trvania zmluvn\u00e9ho vz\u0165ahu a do \u00fapln\u00e9ho vyrovnania n\u00e1rokov (do uplynutia preml\u010dac\u00edch leh\u00f4t).<\/p><h3>Plnenie z\u00e1konn\u00fdch povinnost\u00ed s\u00favisiacich so zmluvami uzavret\u00fdmi na dia\u013eku<\/h3><p>\u00da\u010del: Plnenie z\u00e1konn\u00fdch povinnost\u00ed (poskytovanie inform\u00e1ci\u00ed, odst\u00fapenie od zmluvy) pod\u013ea \u010dl. 6 ods. 1 p\u00edsm. c) Nariadenia. Kateg\u00f3rie: Be\u017en\u00e9 osobn\u00e9 \u00fadaje. Uchov\u00e1vanie: Po\u010das trvania zmluvy uzavretej na dia\u013eku a do \u00fapln\u00e9ho vyrovnania n\u00e1rokov vypl\u00fdvaj\u00facich zo zmluvy uzavretej na dia\u013eku.<\/p><h3>Rie\u0161enie uplat\u0148ovania pr\u00e1v dotknut\u00fdch os\u00f4b<\/h3><p>\u00da\u010del: S\u00falad s pr\u00e1vnymi povinnos\u0165ami pod\u013ea \u010dl\u00e1nku 6 ods. 1 p\u00edsm. c) Nariadenia. Kateg\u00f3rie: Be\u017en\u00e9 osobn\u00e9 \u00fadaje uveden\u00e9 v \u017eiadosti. Uchov\u00e1vanie: Do vysporiadania uplatnen\u00fdch pr\u00e1v.<\/p><h3>Vedenie z\u00e1znamov o uplatnen\u00fdch pr\u00e1vach dotknut\u00fdch os\u00f4b<\/h3><p>\u00da\u010del: Opr\u00e1vnen\u00fd z\u00e1ujem prev\u00e1dzkovate\u013ea pod\u013ea \u010dl. 6 ods. 1 p\u00edsm. f) Nariadenia, ktor\u00fdm je zaznamen\u00e1vanie uplatnen\u00fdch pr\u00e1v na preuk\u00e1zanie splnenia z\u00e1konn\u00fdch povinnost\u00ed. Kateg\u00f3rie: Be\u017en\u00e9 osobn\u00e9 \u00fadaje uveden\u00e9 v \u017eiadosti. Uchov\u00e1vanie: 5 rokov odo d\u0148a uplatnenia pr\u00e1v.<\/p><h3>Fotografovanie a publikovanie fotografi\u00ed a in\u00fdch \u00fadajov na prezenta\u010dn\u00e9 \u00fa\u010dely<\/h3><p>\u00da\u010del: S\u00fahlas dotknutej osoby pod\u013ea \u010dl\u00e1nku 6 ods. 1 p\u00edsm. a) Nariadenia. Kateg\u00f3rie: Fotografia, meno, priezvisko, funkcia, tel. \u010d\u00edslo a e-mail. Uchov\u00e1vanie: 5 rokov od d\u00e1tumu udelenia s\u00fahlasu alebo do jeho odvolania, pod\u013ea toho, \u010do nastane sk\u00f4r.<\/p><h3>Odpovedanie na spr\u00e1vy a vybavovanie dopytov (kontaktn\u00e9 formul\u00e1re, soci\u00e1lne m\u00e9di\u00e1, e-mail)<\/h3><p>\u00da\u010del: Opr\u00e1vnen\u00fd z\u00e1ujem prev\u00e1dzkovate\u013ea pod\u013ea \u010dl. 6 ods. 1 p\u00edsm. f) Nariadenia, ktor\u00fdm je odpovedanie na spr\u00e1vy za \u00fa\u010delom riadnej obchodnej komunik\u00e1cie. Kateg\u00f3rie: Meno, priezvisko, e-mail, tel. \u010d., \u010fal\u0161ie \u00fadaje v spr\u00e1ve. Uchov\u00e1vanie: 3 mesiace od d\u00e1tumu doru\u010denia alebo do vybavenia po\u017eiadavky, pod\u013ea toho, \u010do nastane sk\u00f4r.<\/p><h3>Organizovanie online s\u00fa\u0165a\u017e\u00ed a publikovanie v\u00ed\u0165azov<\/h3><p>\u00da\u010del: S\u00fahlas dotknutej osoby pod\u013ea \u010dl\u00e1nku 6(1)(a) Nariadenia. Kateg\u00f3rie: Meno, priezvisko, adresa bydliska, kontaktn\u00e9 \u00fadaje. Uchov\u00e1vanie: Po\u010das trvania s\u00fa\u0165a\u017ee a pre v\u00fdhercov 3 roky po skon\u010den\u00ed s\u00fa\u0165a\u017ee.<\/p><h3>Referencie a partneri publik\u00e1ci\u00ed<\/h3><p>\u00da\u010del: S\u00fahlas dotknutej osoby pod\u013ea \u010dl\u00e1nku 6 ods. 1 p\u00edsm. a) Nariadenia. Kateg\u00f3rie: Meno a referen\u010dn\u00e9 \u010d\u00edslo. Uchov\u00e1vanie: 3 roky od udelenia s\u00fahlasu alebo do jeho odvolania, pod\u013ea toho, \u010do nastane sk\u00f4r.<\/p><h3>Priamy marketing pre existuj\u00facich a b\u00fdval\u00fdch klientov<\/h3><p>\u00da\u010del: Opr\u00e1vnen\u00fd z\u00e1ujem prev\u00e1dzkovate\u013ea pod\u013ea \u010dl. 6 ods. 1 p\u00edsm. f) Nariadenia (udr\u017eanie existuj\u00facej klientely). Kateg\u00f3rie: Meno, priezvisko, funkcia, e-mailov\u00e1 adresa. Uchov\u00e1vanie: 3 roky od poskytnutia slu\u017eieb alebo do odhl\u00e1senia, pod\u013ea toho, \u010do nastane sk\u00f4r.<\/p><h3>Meranie n\u00e1v\u0161tevnosti webov\u00fdch str\u00e1nok a cielen\u00e1 reklama (s\u00fabory cookie)<\/h3><p>\u00da\u010del: S\u00fahlas dotknutej osoby pod\u013ea \u010dl\u00e1nku 6(1)(a) Nariadenia. Kateg\u00f3rie: IP adresa a \u010fal\u0161ie \u00fadaje o aktivite na webovej str\u00e1nke. Uchov\u00e1vanie: V z\u00e1vislosti od typu s\u00faboru cookie, maxim\u00e1lne 2 roky alebo do odvolania s\u00fahlasu.<\/p><h2>3. Zdroj osobn\u00fdch \u00fadajov<\/h2><p>Prev\u00e1dzkovate\u013e z\u00edskava va\u0161e osobn\u00e9 \u00fadaje priamo od v\u00e1s, ke\u010f mu ich poskytnete (prostredn\u00edctvom kontaktn\u00e9ho formul\u00e1ra, soci\u00e1lnych m\u00e9di\u00ed alebo n\u00e1v\u0161tevou webovej str\u00e1nky). V niektor\u00fdch pr\u00edpadoch, ak si spolo\u010dnos\u0165 alebo in\u00fd subjekt, ktor\u00e9ho ste z\u00e1stupcom alebo kontaktnou osobou, objedn\u00e1 slu\u017ebu, zdrojom va\u0161ich \u00fadajov je tento subjekt.<\/p><p>Ak neposkytnete svoje osobn\u00e9 \u00fadaje, prev\u00e1dzkovate\u013e v\u00e1m nemus\u00ed by\u0165 schopn\u00fd doda\u0165 tovar, uzavrie\u0165 zmluvu alebo splni\u0165 in\u00e9 z\u00e1konn\u00e9 a zmluvn\u00e9 povinnosti.<\/p><h2>4. Komu prev\u00e1dzkovate\u013e poskytuje va\u0161e osobn\u00e9 \u00fadaje?<\/h2><p>V ur\u010dit\u00fdch pr\u00edpadoch je prev\u00e1dzkovate\u013e povinn\u00fd poskytn\u00fa\u0165 va\u0161e \u00fadaje verejn\u00fdm org\u00e1nom (s\u00fadom, org\u00e1nom \u010dinn\u00fdm v trestnom konan\u00ed, obchodnej in\u0161pekcii at\u010f.). Prev\u00e1dzkovate\u013e tie\u017e poskytuje \u00fadaje svojim spracovate\u013eom, ako s\u00fa poskytovatelia hostingu, \u00fa\u010dtovn\u00edcke spolo\u010dnosti a marketingov\u00e9 agent\u00fary. T\u00edto spracovatelia s\u00fa zmluvne zaviazan\u00ed zabezpe\u010dova\u0165 bezpe\u010dnos\u0165 va\u0161ich \u00fadajov.<\/p><p>Medzi pr\u00edjemcov patria aj spolo\u010dnosti Google, LLC a Meta Platforms, Inc. pre analytick\u00e9 a marketingov\u00e9 slu\u017eby (s\u00fabory cookie) a prev\u00e1dzkovatelia soci\u00e1lnych siet\u00ed, ak n\u00e1s prostredn\u00edctvom nich kontaktujete alebo zdie\u013eate n\u00e1\u0161 obsah.<\/p><h2>5. Prenos do tret\u00edch kraj\u00edn<\/h2><p>Pri pou\u017e\u00edvan\u00ed s\u00faborov cookie alebo soci\u00e1lnych m\u00e9di\u00ed m\u00f4\u017eu by\u0165 va\u0161e osobn\u00e9 \u00fadaje prenesen\u00e9 do USA spolo\u010dnostiam ako Meta Platforms, Inc. a Google, LLC. Tento prenos je zabezpe\u010den\u00fd vhodn\u00fdmi z\u00e1rukami, ako s\u00fa \u0161tandardn\u00e9 zmluvn\u00e9 dolo\u017eky alebo rozhodnutia o primeranosti v s\u00falade s GDPR.<\/p><h2>6. Profilovanie a automatizovan\u00e9 rozhodovanie<\/h2><p>Prev\u00e1dzkovate\u013e nepou\u017e\u00edva profilovanie ani automatizovan\u00e9 individu\u00e1lne rozhodovanie, ktor\u00e9 by hodnotilo va\u0161e osobn\u00e9 aspekty.<\/p><h2>7. Ak\u00e9 s\u00fa va\u0161e pr\u00e1va?<\/h2><p>Pr\u00e1vo na pr\u00edstup: M\u00e1te pr\u00e1vo z\u00edska\u0165 potvrdenie o tom, \u010di spracov\u00e1vame va\u0161e \u00fadaje, a z\u00edska\u0165 k\u00f3piu t\u00fdchto \u00fadajov.<\/p><p>Pr\u00e1vo na opravu: M\u00e1te pr\u00e1vo na to, aby sme bez zbyto\u010dn\u00e9ho odkladu opravili nespr\u00e1vne alebo ne\u00fapln\u00e9 \u00fadaje.<\/p><p>Pr\u00e1vo na vymazanie (pr\u00e1vo na zabudnutie): M\u00e1te pr\u00e1vo na vymazanie svojich \u00fadajov, ak u\u017e nie s\u00fa potrebn\u00e9 alebo ak odvol\u00e1te svoj s\u00fahlas (za ur\u010dit\u00fdch podmienok).<\/p><p>Pr\u00e1vo na obmedzenie spracovania: M\u00f4\u017eete po\u017eiada\u0165 o obmedzenie spracovania va\u0161ich \u00fadajov v konkr\u00e9tnych pr\u00edpadoch.<\/p><p>Pr\u00e1vo na prenosnos\u0165 \u00fadajov: M\u00e1te pr\u00e1vo z\u00edska\u0165 svoje \u00fadaje v \u0161trukt\u00farovanom form\u00e1te a prenies\u0165 ich k in\u00e9mu prev\u00e1dzkovate\u013eovi.<\/p><p>PR\u00c1VO NA ODVOLANIE S\u00daHLASU: Ak je spracovanie zalo\u017een\u00e9 na s\u00fahlase, m\u00f4\u017eete ho kedyko\u013evek odvola\u0165. T\u00fdm nie je dotknut\u00e1 z\u00e1konnos\u0165 spracovania pred jeho odvolan\u00edm.<\/p><p>PR\u00c1VO NA NAMIETANIE: M\u00f4\u017eete namieta\u0165 proti spracovaniu na z\u00e1klade opr\u00e1vnen\u00e9ho z\u00e1ujmu alebo na \u00fa\u010dely priameho marketingu.<\/p><p>Pr\u00e1vo poda\u0165 s\u0165a\u017enos\u0165: M\u00f4\u017eete sa obr\u00e1ti\u0165 na \u00darad na ochranu osobn\u00fdch \u00fadajov Slovenskej republiky (dataprotection.gov.sk).<\/p><h2>8. Z\u00e1sady pou\u017e\u00edvania s\u00faborov cookie<\/h2><p>Prev\u00e1dzkovate\u013e pou\u017e\u00edva na webovej str\u00e1nke s\u00fabory cookie. S\u00fabory cookie s\u00fa mal\u00e9 textov\u00e9 s\u00fabory ulo\u017een\u00e9 vo va\u0161om zariaden\u00ed na zabezpe\u010denie funk\u010dnosti alebo zaznamen\u00e1vanie n\u00e1v\u0161tevnosti.<\/p><p>Funk\u010dn\u00e9 (nevyhnutn\u00e9) s\u00fabory cookie: Pou\u017e\u00edvaj\u00fa sa na z\u00e1kladn\u00fa funk\u010dnos\u0165 webov\u00fdch str\u00e1nok. M\u00f4\u017eu by\u0165 pou\u017eit\u00e9 bez v\u00e1\u0161ho s\u00fahlasu.<\/p><p>Analytick\u00e9 a marketingov\u00e9 s\u00fabory cookie: Pou\u017e\u00edvaj\u00fa sa na meranie n\u00e1v\u0161tevnosti a prisp\u00f4sobenie rekl\u00e1m. Tieto s\u00fabory cookie sa ukladaj\u00fa iba v pr\u00edpade, \u017ee udel\u00edte s\u00fahlas prostredn\u00edctvom panela so s\u00fabormi cookie. Svoj s\u00fahlas m\u00f4\u017eete kedyko\u013evek zmeni\u0165 alebo odvola\u0165.<\/p><h2>9. Platnos\u0165<\/h2><p>Tieto Z\u00e1sady s\u00fa platn\u00e9 a \u00fa\u010dinn\u00e9 od 31. marca 2026. Prev\u00e1dzkovate\u013e je opr\u00e1vnen\u00fd tieto Z\u00e1sady kedyko\u013evek aktualizova\u0165.<\/p>\t\t\t\t\t\t\t\t<\/div>\n\t\t\t\t<\/div>\n\t\t\t\t\t<\/div>\n\t\t<\/div>\n\t\t\t\t\t<\/div>\n\t\t<\/section>\n\t\t\t\t<\/div>","protected":false},"excerpt":{"rendered":"<p>Privacy Policy \u00a0 1. Controller and General Information This Privacy Policy (hereinafter referred to as the &#8220;Policy&#8221;) contains information about the processing of your personal data by the entrepreneur Peter Klas s.r.o., with its registered office at Pri Kalv\u00e1rii 17, 917 01 Trnava, Slovakia, I\u010cO: 36 279 021 (hereinafter referred to as the &#8220;Controller&#8221; or [&hellip;]<\/p>","protected":false},"author":1,"featured_media":0,"parent":0,"menu_order":0,"comment_status":"closed","ping_status":"closed","template":"","meta":{"site-sidebar-layout":"no-sidebar","site-content-layout":"page-builder","ast-site-content-layout":"full-width-container","site-content-style":"default","site-sidebar-style":"default","ast-global-header-display":"","ast-banner-title-visibility":"","ast-main-header-display":"","ast-hfb-above-header-display":"","ast-hfb-below-header-display":"","ast-hfb-mobile-header-display":"","site-post-title":"","ast-breadcrumbs-content":"","ast-featured-img":"disabled","footer-sml-layout":"","ast-disable-related-posts":"","theme-transparent-header-meta":"","adv-header-id-meta":"","stick-header-meta":"","header-above-stick-meta":"","header-main-stick-meta":"","header-below-stick-meta":"","astra-migrate-meta-layouts":"set","ast-page-background-enabled":"default","ast-page-background-meta":{"desktop":{"background-color":"var(--ast-global-color-4)","background-image":"","background-repeat":"repeat","background-position":"center center","background-size":"auto","background-attachment":"scroll","background-type":"","background-media":"","overlay-type":"","overlay-color":"","overlay-opacity":"","overlay-gradient":""},"tablet":{"background-color":"","background-image":"","background-repeat":"repeat","background-position":"center center","background-size":"auto","background-attachment":"scroll","background-type":"","background-media":"","overlay-type":"","overlay-color":"","overlay-opacity":"","overlay-gradient":""},"mobile":{"background-color":"","background-image":"","background-repeat":"repeat","background-position":"center center","background-size":"auto","background-attachment":"scroll","background-type":"","background-media":"","overlay-type":"","overlay-color":"","overlay-opacity":"","overlay-gradient":""}},"ast-content-background-meta":{"desktop":{"background-color":"var(--ast-global-color-5)","background-image":"","background-repeat":"repeat","background-position":"center center","background-size":"auto","background-attachment":"scroll","background-type":"","background-media":"","overlay-type":"","overlay-color":"","overlay-opacity":"","overlay-gradient":""},"tablet":{"background-color":"var(--ast-global-color-5)","background-image":"","background-repeat":"repeat","background-position":"center center","background-size":"auto","background-attachment":"scroll","background-type":"","background-media":"","overlay-type":"","overlay-color":"","overlay-opacity":"","overlay-gradient":""},"mobile":{"background-color":"var(--ast-global-color-5)","background-image":"","background-repeat":"repeat","background-position":"center center","background-size":"auto","background-attachment":"scroll","background-type":"","background-media":"","overlay-type":"","overlay-color":"","overlay-opacity":"","overlay-gradient":""}},"footnotes":""},"class_list":["post-1690","page","type-page","status-publish","hentry"],"_links":{"self":[{"href":"https:\/\/www.klastowtrucks.com\/sk\/wp-json\/wp\/v2\/pages\/1690","targetHints":{"allow":["GET"]}}],"collection":[{"href":"https:\/\/www.klastowtrucks.com\/sk\/wp-json\/wp\/v2\/pages"}],"about":[{"href":"https:\/\/www.klastowtrucks.com\/sk\/wp-json\/wp\/v2\/types\/page"}],"author":[{"embeddable":true,"href":"https:\/\/www.klastowtrucks.com\/sk\/wp-json\/wp\/v2\/users\/1"}],"replies":[{"embeddable":true,"href":"https:\/\/www.klastowtrucks.com\/sk\/wp-json\/wp\/v2\/comments?post=1690"}],"version-history":[{"count":7,"href":"https:\/\/www.klastowtrucks.com\/sk\/wp-json\/wp\/v2\/pages\/1690\/revisions"}],"predecessor-version":[{"id":1701,"href":"https:\/\/www.klastowtrucks.com\/sk\/wp-json\/wp\/v2\/pages\/1690\/revisions\/1701"}],"wp:attachment":[{"href":"https:\/\/www.klastowtrucks.com\/sk\/wp-json\/wp\/v2\/media?parent=1690"}],"curies":[{"name":"wp","href":"https:\/\/api.w.org\/{rel}","templated":true}]}}