{"id":1167,"date":"2023-10-18T00:08:00","date_gmt":"2023-10-18T00:08:00","guid":{"rendered":"https:\/\/www.klastowtrucks.com\/?page_id=1167"},"modified":"2023-11-02T10:52:17","modified_gmt":"2023-11-02T10:52:17","slug":"rotators","status":"publish","type":"page","link":"https:\/\/www.klastowtrucks.com\/sk\/products\/miller-industries\/rotators\/","title":{"rendered":"Rot\u00e1tory"},"content":{"rendered":"<div data-elementor-type=\"wp-page\" data-elementor-id=\"1167\" class=\"elementor elementor-1167\" data-elementor-post-type=\"page\">\n\t\t\t\t\t\t<section class=\"elementor-section elementor-top-section elementor-element elementor-element-6de7446 elementor-section-height-min-height elementor-section-boxed elementor-section-height-default elementor-section-items-middle\" data-id=\"6de7446\" data-element_type=\"section\" data-settings=\"{&quot;background_background&quot;:&quot;classic&quot;}\">\n\t\t\t\t\t\t<div class=\"elementor-container elementor-column-gap-default\">\n\t\t\t\t\t<div class=\"elementor-column elementor-col-100 elementor-top-column elementor-element elementor-element-a54f554\" data-id=\"a54f554\" data-element_type=\"column\">\n\t\t\t<div class=\"elementor-widget-wrap elementor-element-populated\">\n\t\t\t\t\t\t<div class=\"elementor-element elementor-element-8966644 elementor-widget elementor-widget-heading\" data-id=\"8966644\" data-element_type=\"widget\" data-widget_type=\"heading.default\">\n\t\t\t\t<div class=\"elementor-widget-container\">\n\t\t\t\t\t<h2 class=\"elementor-heading-title elementor-size-default\">Rot\u00e1tory<\/h2>\t\t\t\t<\/div>\n\t\t\t\t<\/div>\n\t\t\t\t\t<\/div>\n\t\t<\/div>\n\t\t\t\t\t<\/div>\n\t\t<\/section>\n\t\t\t\t<section class=\"elementor-section elementor-top-section elementor-element elementor-element-17372be elementor-section-boxed elementor-section-height-default elementor-section-height-default\" data-id=\"17372be\" data-element_type=\"section\">\n\t\t\t\t\t\t<div class=\"elementor-container elementor-column-gap-default\">\n\t\t\t\t\t<div class=\"elementor-column elementor-col-33 elementor-top-column elementor-element elementor-element-67ecc9a\" data-id=\"67ecc9a\" data-element_type=\"column\">\n\t\t\t<div class=\"elementor-widget-wrap elementor-element-populated\">\n\t\t\t\t\t\t<div class=\"elementor-element elementor-element-50cc972 elementor-widget elementor-widget-image\" data-id=\"50cc972\" data-element_type=\"widget\" data-widget_type=\"image.default\">\n\t\t\t\t<div class=\"elementor-widget-container\">\n\t\t\t\t\t\t\t\t\t\t\t\t\t\t\t<img fetchpriority=\"high\" decoding=\"async\" width=\"768\" height=\"509\" src=\"https:\/\/www.klastowtrucks.com\/wp-content\/uploads\/2023\/10\/Century1150RXP_KB1_Small-2-768x509.jpg\" class=\"attachment-medium_large size-medium_large wp-image-1236\" alt=\"\" srcset=\"https:\/\/www.klastowtrucks.com\/wp-content\/uploads\/2023\/10\/Century1150RXP_KB1_Small-2-768x509.jpg 768w, https:\/\/www.klastowtrucks.com\/wp-content\/uploads\/2023\/10\/Century1150RXP_KB1_Small-2-300x199.jpg 300w, https:\/\/www.klastowtrucks.com\/wp-content\/uploads\/2023\/10\/Century1150RXP_KB1_Small-2.jpg 881w\" sizes=\"(max-width: 768px) 100vw, 768px\" \/>\t\t\t\t\t\t\t\t\t\t\t\t\t\t\t<\/div>\n\t\t\t\t<\/div>\n\t\t\t\t<div class=\"elementor-element elementor-element-f4c3918 elementor-widget elementor-widget-heading\" data-id=\"f4c3918\" data-element_type=\"widget\" data-widget_type=\"heading.default\">\n\t\t\t\t<div class=\"elementor-widget-container\">\n\t\t\t\t\t<h2 class=\"elementor-heading-title elementor-size-default\">Century 1150<\/h2>\t\t\t\t<\/div>\n\t\t\t\t<\/div>\n\t\t\t\t<div class=\"elementor-element elementor-element-8166d04 elementor-widget-divider--view-line elementor-widget elementor-widget-divider\" data-id=\"8166d04\" data-element_type=\"widget\" data-widget_type=\"divider.default\">\n\t\t\t\t<div class=\"elementor-widget-container\">\n\t\t\t\t\t\t\t<div class=\"elementor-divider\">\n\t\t\t<span class=\"elementor-divider-separator\">\n\t\t\t\t\t\t<\/span>\n\t\t<\/div>\n\t\t\t\t\t\t<\/div>\n\t\t\t\t<\/div>\n\t\t\t\t<div class=\"elementor-element elementor-element-36dba52 elementor-widget elementor-widget-text-editor\" data-id=\"36dba52\" data-element_type=\"widget\" data-widget_type=\"text-editor.default\">\n\t\t\t\t<div class=\"elementor-widget-container\">\n\t\t\t\t\t\t\t\t\t<div><strong>Vulcan<\/strong>\u00a0950<\/div><div><strong>Rameno:<\/strong>\u00a045 300 Kg<\/div><div><strong>Max. v\u00fd\u0161ka h\u00e1ku:\u00a0<\/strong>15 000 cm<\/div><div>\u00a0<\/div>\t\t\t\t\t\t\t\t<\/div>\n\t\t\t\t<\/div>\n\t\t\t\t<div class=\"elementor-element elementor-element-fe25f20 elementor-align-center elementor-widget elementor-widget-button\" data-id=\"fe25f20\" data-element_type=\"widget\" data-widget_type=\"button.default\">\n\t\t\t\t<div class=\"elementor-widget-container\">\n\t\t\t\t\t\t\t\t\t<div class=\"elementor-button-wrapper\">\n\t\t\t\t\t<a class=\"elementor-button elementor-button-link elementor-size-sm\" href=\"https:\/\/www.millerind.com\/products\/rotators\/century-1150-1150r-1150rxp%20\">\n\t\t\t\t\t\t<span class=\"elementor-button-content-wrapper\">\n\t\t\t\t\t\t\t\t\t<span class=\"elementor-button-text\">Viac info...<\/span>\n\t\t\t\t\t<\/span>\n\t\t\t\t\t<\/a>\n\t\t\t\t<\/div>\n\t\t\t\t\t\t\t\t<\/div>\n\t\t\t\t<\/div>\n\t\t\t\t\t<\/div>\n\t\t<\/div>\n\t\t\t\t<div class=\"elementor-column elementor-col-33 elementor-top-column elementor-element elementor-element-bb6ced5\" data-id=\"bb6ced5\" data-element_type=\"column\">\n\t\t\t<div class=\"elementor-widget-wrap elementor-element-populated\">\n\t\t\t\t\t\t<div class=\"elementor-element elementor-element-c468f32 elementor-widget elementor-widget-image\" data-id=\"c468f32\" data-element_type=\"widget\" data-widget_type=\"image.default\">\n\t\t\t\t<div class=\"elementor-widget-container\">\n\t\t\t\t\t\t\t\t\t\t\t\t\t\t\t<img decoding=\"async\" width=\"768\" height=\"512\" src=\"https:\/\/www.klastowtrucks.com\/wp-content\/uploads\/2023\/10\/century-1075-2-768x512.jpg\" class=\"attachment-medium_large size-medium_large wp-image-1214\" alt=\"\" srcset=\"https:\/\/www.klastowtrucks.com\/wp-content\/uploads\/2023\/10\/century-1075-2-768x512.jpg 768w, https:\/\/www.klastowtrucks.com\/wp-content\/uploads\/2023\/10\/century-1075-2-300x200.jpg 300w, https:\/\/www.klastowtrucks.com\/wp-content\/uploads\/2023\/10\/century-1075-2.jpg 992w\" sizes=\"(max-width: 768px) 100vw, 768px\" \/>\t\t\t\t\t\t\t\t\t\t\t\t\t\t\t<\/div>\n\t\t\t\t<\/div>\n\t\t\t\t<div class=\"elementor-element elementor-element-2989e8a elementor-widget elementor-widget-heading\" data-id=\"2989e8a\" data-element_type=\"widget\" data-widget_type=\"heading.default\">\n\t\t\t\t<div class=\"elementor-widget-container\">\n\t\t\t\t\t<h2 class=\"elementor-heading-title elementor-size-default\">Century 1075S<\/h2>\t\t\t\t<\/div>\n\t\t\t\t<\/div>\n\t\t\t\t<div class=\"elementor-element elementor-element-5d21716 elementor-widget-divider--view-line elementor-widget elementor-widget-divider\" data-id=\"5d21716\" data-element_type=\"widget\" data-widget_type=\"divider.default\">\n\t\t\t\t<div class=\"elementor-widget-container\">\n\t\t\t\t\t\t\t<div class=\"elementor-divider\">\n\t\t\t<span class=\"elementor-divider-separator\">\n\t\t\t\t\t\t<\/span>\n\t\t<\/div>\n\t\t\t\t\t\t<\/div>\n\t\t\t\t<\/div>\n\t\t\t\t<div class=\"elementor-element elementor-element-4233fb3 elementor-widget elementor-widget-text-editor\" data-id=\"4233fb3\" data-element_type=\"widget\" data-widget_type=\"text-editor.default\">\n\t\t\t\t<div class=\"elementor-widget-container\">\n\t\t\t\t\t\t\t\t\t<div><strong>Vulcan\u00a0<\/strong>975<\/div><div><strong>Rameno:\u00a0<\/strong>68 000 Kg<\/div><div><strong>Max. v\u00fd\u0161ka h\u00e1ku:\u00a0<\/strong>15 200 cm<\/div><div>\u00a0<\/div>\t\t\t\t\t\t\t\t<\/div>\n\t\t\t\t<\/div>\n\t\t\t\t<div class=\"elementor-element elementor-element-8a1ab23 elementor-align-center elementor-widget elementor-widget-button\" data-id=\"8a1ab23\" data-element_type=\"widget\" data-widget_type=\"button.default\">\n\t\t\t\t<div class=\"elementor-widget-container\">\n\t\t\t\t\t\t\t\t\t<div class=\"elementor-button-wrapper\">\n\t\t\t\t\t<a class=\"elementor-button elementor-button-link elementor-size-sm\" href=\"https:\/\/www.millerind.com\/products\/rotators\/century-1075s\">\n\t\t\t\t\t\t<span class=\"elementor-button-content-wrapper\">\n\t\t\t\t\t\t\t\t\t<span class=\"elementor-button-text\">Viac info...<\/span>\n\t\t\t\t\t<\/span>\n\t\t\t\t\t<\/a>\n\t\t\t\t<\/div>\n\t\t\t\t\t\t\t\t<\/div>\n\t\t\t\t<\/div>\n\t\t\t\t\t<\/div>\n\t\t<\/div>\n\t\t\t\t<div class=\"elementor-column elementor-col-33 elementor-top-column elementor-element elementor-element-6275174\" data-id=\"6275174\" data-element_type=\"column\">\n\t\t\t<div class=\"elementor-widget-wrap elementor-element-populated\">\n\t\t\t\t\t\t<div class=\"elementor-element elementor-element-3a23bec elementor-widget elementor-widget-image\" data-id=\"3a23bec\" data-element_type=\"widget\" data-widget_type=\"image.default\">\n\t\t\t\t<div class=\"elementor-widget-container\">\n\t\t\t\t\t\t\t\t\t\t\t\t\t\t\t<img decoding=\"async\" width=\"768\" height=\"517\" src=\"https:\/\/www.klastowtrucks.com\/wp-content\/uploads\/2023\/10\/M100-gallery-30-768x517.jpg\" class=\"attachment-medium_large size-medium_large wp-image-1217\" alt=\"\" srcset=\"https:\/\/www.klastowtrucks.com\/wp-content\/uploads\/2023\/10\/M100-gallery-30-768x517.jpg 768w, https:\/\/www.klastowtrucks.com\/wp-content\/uploads\/2023\/10\/M100-gallery-30-300x202.jpg 300w, https:\/\/www.klastowtrucks.com\/wp-content\/uploads\/2023\/10\/M100-gallery-30.jpg 992w\" sizes=\"(max-width: 768px) 100vw, 768px\" \/>\t\t\t\t\t\t\t\t\t\t\t\t\t\t\t<\/div>\n\t\t\t\t<\/div>\n\t\t\t\t<div class=\"elementor-element elementor-element-a1badbf elementor-widget elementor-widget-heading\" data-id=\"a1badbf\" data-element_type=\"widget\" data-widget_type=\"heading.default\">\n\t\t\t\t<div class=\"elementor-widget-container\">\n\t\t\t\t\t<h2 class=\"elementor-heading-title elementor-size-default\">Century M100<\/h2>\t\t\t\t<\/div>\n\t\t\t\t<\/div>\n\t\t\t\t<div class=\"elementor-element elementor-element-c64f98b elementor-widget-divider--view-line elementor-widget elementor-widget-divider\" data-id=\"c64f98b\" data-element_type=\"widget\" data-widget_type=\"divider.default\">\n\t\t\t\t<div class=\"elementor-widget-container\">\n\t\t\t\t\t\t\t<div class=\"elementor-divider\">\n\t\t\t<span class=\"elementor-divider-separator\">\n\t\t\t\t\t\t<\/span>\n\t\t<\/div>\n\t\t\t\t\t\t<\/div>\n\t\t\t\t<\/div>\n\t\t\t\t<div class=\"elementor-element elementor-element-ef37f1f elementor-widget elementor-widget-text-editor\" data-id=\"ef37f1f\" data-element_type=\"widget\" data-widget_type=\"text-editor.default\">\n\t\t\t\t<div class=\"elementor-widget-container\">\n\t\t\t\t\t\t\t\t\t<div><strong>Rameno:\u00a0<\/strong>90 700 Kg<\/div><div><strong>Max. v\u00fd\u0161ka h\u00e1ku:<\/strong> 19 600 cm<\/div><div><strong>Dr\u00e1ha h\u00e1ku:\u00a0<\/strong>365 cm<\/div><div>\u00a0<\/div>\t\t\t\t\t\t\t\t<\/div>\n\t\t\t\t<\/div>\n\t\t\t\t<div class=\"elementor-element elementor-element-f912b77 elementor-align-center elementor-widget elementor-widget-button\" data-id=\"f912b77\" data-element_type=\"widget\" data-widget_type=\"button.default\">\n\t\t\t\t<div class=\"elementor-widget-container\">\n\t\t\t\t\t\t\t\t\t<div class=\"elementor-button-wrapper\">\n\t\t\t\t\t<a class=\"elementor-button elementor-button-link elementor-size-sm\" href=\"https:\/\/www.millerind.com\/products\/rotators\/century-m100%20\">\n\t\t\t\t\t\t<span class=\"elementor-button-content-wrapper\">\n\t\t\t\t\t\t\t\t\t<span class=\"elementor-button-text\">Viac info...<\/span>\n\t\t\t\t\t<\/span>\n\t\t\t\t\t<\/a>\n\t\t\t\t<\/div>\n\t\t\t\t\t\t\t\t<\/div>\n\t\t\t\t<\/div>\n\t\t\t\t\t<\/div>\n\t\t<\/div>\n\t\t\t\t\t<\/div>\n\t\t<\/section>\n\t\t\t\t<section class=\"elementor-section elementor-top-section elementor-element elementor-element-be9d0d4 elementor-section-boxed elementor-section-height-default elementor-section-height-default\" data-id=\"be9d0d4\" data-element_type=\"section\">\n\t\t\t\t\t\t<div class=\"elementor-container elementor-column-gap-default\">\n\t\t\t\t\t<div class=\"elementor-column elementor-col-33 elementor-top-column elementor-element elementor-element-abc5eb1\" data-id=\"abc5eb1\" data-element_type=\"column\">\n\t\t\t<div class=\"elementor-widget-wrap elementor-element-populated\">\n\t\t\t\t\t\t<div class=\"elementor-element elementor-element-c420677 elementor-widget elementor-widget-image\" data-id=\"c420677\" data-element_type=\"widget\" data-widget_type=\"image.default\">\n\t\t\t\t<div class=\"elementor-widget-container\">\n\t\t\t\t\t\t\t\t\t\t\t\t\t\t\t<img loading=\"lazy\" decoding=\"async\" width=\"768\" height=\"512\" src=\"https:\/\/www.klastowtrucks.com\/wp-content\/uploads\/2023\/10\/Holmes600R_Towing_2-768x512.jpg\" class=\"attachment-medium_large size-medium_large wp-image-1216\" alt=\"\" srcset=\"https:\/\/www.klastowtrucks.com\/wp-content\/uploads\/2023\/10\/Holmes600R_Towing_2-768x512.jpg 768w, https:\/\/www.klastowtrucks.com\/wp-content\/uploads\/2023\/10\/Holmes600R_Towing_2-300x200.jpg 300w, https:\/\/www.klastowtrucks.com\/wp-content\/uploads\/2023\/10\/Holmes600R_Towing_2.jpg 992w\" sizes=\"(max-width: 768px) 100vw, 768px\" \/>\t\t\t\t\t\t\t\t\t\t\t\t\t\t\t<\/div>\n\t\t\t\t<\/div>\n\t\t\t\t<div class=\"elementor-element elementor-element-dddcad6 elementor-widget elementor-widget-heading\" data-id=\"dddcad6\" data-element_type=\"widget\" data-widget_type=\"heading.default\">\n\t\t\t\t<div class=\"elementor-widget-container\">\n\t\t\t\t\t<h2 class=\"elementor-heading-title elementor-size-default\">Holmes 600R<\/h2>\t\t\t\t<\/div>\n\t\t\t\t<\/div>\n\t\t\t\t<div class=\"elementor-element elementor-element-49c4a2a elementor-widget-divider--view-line elementor-widget elementor-widget-divider\" data-id=\"49c4a2a\" data-element_type=\"widget\" data-widget_type=\"divider.default\">\n\t\t\t\t<div class=\"elementor-widget-container\">\n\t\t\t\t\t\t\t<div class=\"elementor-divider\">\n\t\t\t<span class=\"elementor-divider-separator\">\n\t\t\t\t\t\t<\/span>\n\t\t<\/div>\n\t\t\t\t\t\t<\/div>\n\t\t\t\t<\/div>\n\t\t\t\t<div class=\"elementor-element elementor-element-1bfc38e elementor-widget elementor-widget-text-editor\" data-id=\"1bfc38e\" data-element_type=\"widget\" data-widget_type=\"text-editor.default\">\n\t\t\t\t<div class=\"elementor-widget-container\">\n\t\t\t\t\t\t\t\t\t<div><strong>Rameno:\u00a0<\/strong>14 500 Kg<\/div><div><strong>Max. v\u00fd\u0161ka h\u00e1ku:\u00a0<\/strong>6 700 cm<\/div><div><strong>Max. \u0165a\u017en\u00e1 sila:\u00a0<\/strong>14 500 Kg<\/div><div>\u00a0<\/div>\t\t\t\t\t\t\t\t<\/div>\n\t\t\t\t<\/div>\n\t\t\t\t<div class=\"elementor-element elementor-element-a7f7f07 elementor-align-center elementor-widget elementor-widget-button\" data-id=\"a7f7f07\" data-element_type=\"widget\" data-widget_type=\"button.default\">\n\t\t\t\t<div class=\"elementor-widget-container\">\n\t\t\t\t\t\t\t\t\t<div class=\"elementor-button-wrapper\">\n\t\t\t\t\t<a class=\"elementor-button elementor-button-link elementor-size-sm\" href=\"https:\/\/www.millerind.com\/products\/rotators\/holmes-600r\">\n\t\t\t\t\t\t<span class=\"elementor-button-content-wrapper\">\n\t\t\t\t\t\t\t\t\t<span class=\"elementor-button-text\">Viac info...<\/span>\n\t\t\t\t\t<\/span>\n\t\t\t\t\t<\/a>\n\t\t\t\t<\/div>\n\t\t\t\t\t\t\t\t<\/div>\n\t\t\t\t<\/div>\n\t\t\t\t\t<\/div>\n\t\t<\/div>\n\t\t\t\t<div class=\"elementor-column elementor-col-33 elementor-top-column elementor-element elementor-element-e8b1be6\" data-id=\"e8b1be6\" data-element_type=\"column\">\n\t\t\t<div class=\"elementor-widget-wrap elementor-element-populated\">\n\t\t\t\t\t\t<div class=\"elementor-element elementor-element-6ac13bc elementor-widget elementor-widget-image\" data-id=\"6ac13bc\" data-element_type=\"widget\" data-widget_type=\"image.default\">\n\t\t\t\t<div class=\"elementor-widget-container\">\n\t\t\t\t\t\t\t\t\t\t\t\t\t\t\t<img loading=\"lazy\" decoding=\"async\" width=\"768\" height=\"512\" src=\"https:\/\/www.klastowtrucks.com\/wp-content\/uploads\/2023\/10\/Sn\u00edmka-obrazovky-38-1-768x512.png\" class=\"attachment-medium_large size-medium_large wp-image-1225\" alt=\"\" srcset=\"https:\/\/www.klastowtrucks.com\/wp-content\/uploads\/2023\/10\/Sn\u00edmka-obrazovky-38-1-768x512.png 768w, https:\/\/www.klastowtrucks.com\/wp-content\/uploads\/2023\/10\/Sn\u00edmka-obrazovky-38-1-300x200.png 300w, https:\/\/www.klastowtrucks.com\/wp-content\/uploads\/2023\/10\/Sn\u00edmka-obrazovky-38-1.png 826w\" sizes=\"(max-width: 768px) 100vw, 768px\" \/>\t\t\t\t\t\t\t\t\t\t\t\t\t\t\t<\/div>\n\t\t\t\t<\/div>\n\t\t\t\t<div class=\"elementor-element elementor-element-ea169cd elementor-widget elementor-widget-heading\" data-id=\"ea169cd\" data-element_type=\"widget\" data-widget_type=\"heading.default\">\n\t\t\t\t<div class=\"elementor-widget-container\">\n\t\t\t\t\t<h2 class=\"elementor-heading-title elementor-size-default\">Century 1135 &amp; 1140<\/h2>\t\t\t\t<\/div>\n\t\t\t\t<\/div>\n\t\t\t\t<div class=\"elementor-element elementor-element-e15ad6c elementor-widget-divider--view-line elementor-widget elementor-widget-divider\" data-id=\"e15ad6c\" data-element_type=\"widget\" data-widget_type=\"divider.default\">\n\t\t\t\t<div class=\"elementor-widget-container\">\n\t\t\t\t\t\t\t<div class=\"elementor-divider\">\n\t\t\t<span class=\"elementor-divider-separator\">\n\t\t\t\t\t\t<\/span>\n\t\t<\/div>\n\t\t\t\t\t\t<\/div>\n\t\t\t\t<\/div>\n\t\t\t\t<div class=\"elementor-element elementor-element-d817502 elementor-widget elementor-widget-text-editor\" data-id=\"d817502\" data-element_type=\"widget\" data-widget_type=\"text-editor.default\">\n\t\t\t\t<div class=\"elementor-widget-container\">\n\t\t\t\t\t\t\t\t\t<div><strong>Vulcan\u00a0<\/strong>935 &amp; 940<\/div><div><strong>1135 \/ 935 Boom<\/strong>\u00a031 700 Kg<\/div><div><strong>1140 \/ 940 Boom<\/strong>\u00a036 200 Kg<\/div><div>\u00a0<\/div>\t\t\t\t\t\t\t\t<\/div>\n\t\t\t\t<\/div>\n\t\t\t\t<div class=\"elementor-element elementor-element-f39f3a4 elementor-align-center elementor-widget elementor-widget-button\" data-id=\"f39f3a4\" data-element_type=\"widget\" data-widget_type=\"button.default\">\n\t\t\t\t<div class=\"elementor-widget-container\">\n\t\t\t\t\t\t\t\t\t<div class=\"elementor-button-wrapper\">\n\t\t\t\t\t<a class=\"elementor-button elementor-button-link elementor-size-sm\" href=\"https:\/\/www.millerind.com\/products\/rotators\/century-1135-1140\">\n\t\t\t\t\t\t<span class=\"elementor-button-content-wrapper\">\n\t\t\t\t\t\t\t\t\t<span class=\"elementor-button-text\">Viac info...<\/span>\n\t\t\t\t\t<\/span>\n\t\t\t\t\t<\/a>\n\t\t\t\t<\/div>\n\t\t\t\t\t\t\t\t<\/div>\n\t\t\t\t<\/div>\n\t\t\t\t\t<\/div>\n\t\t<\/div>\n\t\t\t\t<div class=\"elementor-column elementor-col-33 elementor-top-column elementor-element elementor-element-f6bc625\" data-id=\"f6bc625\" data-element_type=\"column\">\n\t\t\t<div class=\"elementor-widget-wrap elementor-element-populated\">\n\t\t\t\t\t\t\t<\/div>\n\t\t<\/div>\n\t\t\t\t\t<\/div>\n\t\t<\/section>\n\t\t\t\t<\/div>","protected":false},"excerpt":{"rendered":"<p>Rotators Century 1150 Vulcan\u00a0950Boom\u00a0100,000 lbs.Max Hook Height\u00a0495 Feet\u00a0 Discover Century 1075S Vulcan\u00a0975Boom\u00a0150,000 lbs.Max Hook Height\u00a0499 Feet\u00a0 Discover Century M100 Boom\u00a0200,000 lbs.Max Hook Height 646 FeetTurret Travel Length\u00a012 Feet\u00a0 Discover Holmes 600R Boom\u00a032,000 lbs.Max Hook Height\u00a0220 FeetTow Rating\u00a032,000 lbs.\u00a0 Discover Century 1135 &amp; 1140 Vulcan\u00a0935 &amp; 9401135 \/ 935 Boom\u00a070,000 lbs.1140 \/ 940 Boom\u00a080,000 lbs.\u00a0 Discover<\/p>","protected":false},"author":1,"featured_media":0,"parent":1132,"menu_order":0,"comment_status":"closed","ping_status":"closed","template":"","meta":{"site-sidebar-layout":"no-sidebar","site-content-layout":"page-builder","ast-site-content-layout":"default","site-content-style":"default","site-sidebar-style":"default","ast-global-header-display":"","ast-banner-title-visibility":"","ast-main-header-display":"","ast-hfb-above-header-display":"","ast-hfb-below-header-display":"","ast-hfb-mobile-header-display":"","site-post-title":"disabled","ast-breadcrumbs-content":"","ast-featured-img":"disabled","footer-sml-layout":"","ast-disable-related-posts":"","theme-transparent-header-meta":"default","adv-header-id-meta":"","stick-header-meta":"default","header-above-stick-meta":"","header-main-stick-meta":"","header-below-stick-meta":"","astra-migrate-meta-layouts":"default","ast-page-background-enabled":"default","ast-page-background-meta":{"desktop":{"background-color":"var(--ast-global-color-4)","background-image":"","background-repeat":"repeat","background-position":"center center","background-size":"auto","background-attachment":"scroll","background-type":"","background-media":"","overlay-type":"","overlay-color":"","overlay-opacity":"","overlay-gradient":""},"tablet":{"background-color":"","background-image":"","background-repeat":"repeat","background-position":"center center","background-size":"auto","background-attachment":"scroll","background-type":"","background-media":"","overlay-type":"","overlay-color":"","overlay-opacity":"","overlay-gradient":""},"mobile":{"background-color":"","background-image":"","background-repeat":"repeat","background-position":"center center","background-size":"auto","background-attachment":"scroll","background-type":"","background-media":"","overlay-type":"","overlay-color":"","overlay-opacity":"","overlay-gradient":""}},"ast-content-background-meta":{"desktop":{"background-color":"var(--ast-global-color-5)","background-image":"","background-repeat":"repeat","background-position":"center center","background-size":"auto","background-attachment":"scroll","background-type":"","background-media":"","overlay-type":"","overlay-color":"","overlay-opacity":"","overlay-gradient":""},"tablet":{"background-color":"var(--ast-global-color-5)","background-image":"","background-repeat":"repeat","background-position":"center center","background-size":"auto","background-attachment":"scroll","background-type":"","background-media":"","overlay-type":"","overlay-color":"","overlay-opacity":"","overlay-gradient":""},"mobile":{"background-color":"var(--ast-global-color-5)","background-image":"","background-repeat":"repeat","background-position":"center center","background-size":"auto","background-attachment":"scroll","background-type":"","background-media":"","overlay-type":"","overlay-color":"","overlay-opacity":"","overlay-gradient":""}},"footnotes":""},"class_list":["post-1167","page","type-page","status-publish","hentry"],"_links":{"self":[{"href":"https:\/\/www.klastowtrucks.com\/sk\/wp-json\/wp\/v2\/pages\/1167","targetHints":{"allow":["GET"]}}],"collection":[{"href":"https:\/\/www.klastowtrucks.com\/sk\/wp-json\/wp\/v2\/pages"}],"about":[{"href":"https:\/\/www.klastowtrucks.com\/sk\/wp-json\/wp\/v2\/types\/page"}],"author":[{"embeddable":true,"href":"https:\/\/www.klastowtrucks.com\/sk\/wp-json\/wp\/v2\/users\/1"}],"replies":[{"embeddable":true,"href":"https:\/\/www.klastowtrucks.com\/sk\/wp-json\/wp\/v2\/comments?post=1167"}],"version-history":[{"count":23,"href":"https:\/\/www.klastowtrucks.com\/sk\/wp-json\/wp\/v2\/pages\/1167\/revisions"}],"predecessor-version":[{"id":1373,"href":"https:\/\/www.klastowtrucks.com\/sk\/wp-json\/wp\/v2\/pages\/1167\/revisions\/1373"}],"up":[{"embeddable":true,"href":"https:\/\/www.klastowtrucks.com\/sk\/wp-json\/wp\/v2\/pages\/1132"}],"wp:attachment":[{"href":"https:\/\/www.klastowtrucks.com\/sk\/wp-json\/wp\/v2\/media?parent=1167"}],"curies":[{"name":"wp","href":"https:\/\/api.w.org\/{rel}","templated":true}]}}